{"id":1007,"date":"2019-12-22T14:00:30","date_gmt":"2019-12-22T13:00:30","guid":{"rendered":"https:\/\/www.brzezowsky.at\/wp\/?page_id=1007"},"modified":"2019-12-22T14:00:31","modified_gmt":"2019-12-22T13:00:31","slug":"mae-sariang-umgebung-unseen-thailand","status":"publish","type":"page","link":"https:\/\/www.brzezowsky.at\/wp\/mae-sariang-umgebung-unseen-thailand\/","title":{"rendered":"Mae Sariang &#038; Umgebung &#8211; Unseen Thailand"},"content":{"rendered":"<p>Mae Sariang liegt im Norden Thailands, im Bezirk Mae Hong Son<br><a href=\"https:\/\/goo.gl\/maps\/i6FKh87TsoXZ3WZN7\">maps<\/a><\/p>\n<p>Ein Paradies f\u00fcr Naturliebhaber, Trekking, Mountainbike und auch f\u00fcr Touren mit dem Motorrad sind die kurvenreichen Stra\u00dfen perfekt &#8211; hier ist aber viel Erfahrung vonn\u00f6ten.<br>Hier ein Beispiel wie die Stra\u00dfen aussehen: <a href=\"https:\/\/www.instagram.com\/p\/B57ERt0gxcN\/\">Bumpy Road Salawin<\/a><br>Im Winter kann es hier schon mal sehr kalt werden und die Unterk\u00fcnfte verf\u00fcgen zumeist \u00fcber keine Heizung.<\/p>\n\n\nngg_shortcode_0_placeholder\n","protected":false},"excerpt":{"rendered":"<p>Mae Sariang liegt im Norden Thailands, im Bezirk Mae Hong Sonmaps Ein Paradies f\u00fcr Naturliebhaber, Trekking, Mountainbike und auch f\u00fcr Touren mit dem Motorrad sind die kurvenreichen Stra\u00dfen perfekt &#8211; hier ist aber viel Erfahrung vonn\u00f6ten.Hier ein Beispiel wie die Stra\u00dfen aussehen: Bumpy Road SalawinIm Winter kann es hier schon mal sehr kalt werden und [&hellip;]<\/p>\n","protected":false},"author":1,"featured_media":0,"parent":0,"menu_order":0,"comment_status":"closed","ping_status":"closed","template":"","meta":{"ngg_post_thumbnail":0,"footnotes":""},"class_list":["post-1007","page","type-page","status-publish","hentry"],"_links":{"self":[{"href":"https:\/\/www.brzezowsky.at\/wp\/wp-json\/wp\/v2\/pages\/1007","targetHints":{"allow":["GET"]}}],"collection":[{"href":"https:\/\/www.brzezowsky.at\/wp\/wp-json\/wp\/v2\/pages"}],"about":[{"href":"https:\/\/www.brzezowsky.at\/wp\/wp-json\/wp\/v2\/types\/page"}],"author":[{"embeddable":true,"href":"https:\/\/www.brzezowsky.at\/wp\/wp-json\/wp\/v2\/users\/1"}],"replies":[{"embeddable":true,"href":"https:\/\/www.brzezowsky.at\/wp\/wp-json\/wp\/v2\/comments?post=1007"}],"version-history":[{"count":5,"href":"https:\/\/www.brzezowsky.at\/wp\/wp-json\/wp\/v2\/pages\/1007\/revisions"}],"predecessor-version":[{"id":1064,"href":"https:\/\/www.brzezowsky.at\/wp\/wp-json\/wp\/v2\/pages\/1007\/revisions\/1064"}],"wp:attachment":[{"href":"https:\/\/www.brzezowsky.at\/wp\/wp-json\/wp\/v2\/media?parent=1007"}],"curies":[{"name":"wp","href":"https:\/\/api.w.org\/{rel}","templated":true}]}}