{"id":505,"date":"2017-09-09T20:48:28","date_gmt":"2017-09-09T18:48:28","guid":{"rendered":"http:\/\/www.brzezowsky.at\/wp\/?page_id=505"},"modified":"2018-01-13T23:28:44","modified_gmt":"2018-01-13T22:28:44","slug":"japan","status":"publish","type":"page","link":"https:\/\/www.brzezowsky.at\/wp\/japan\/","title":{"rendered":"Japan"},"content":{"rendered":"<p>Eindrucksvolles Japan<br \/>\nH\u00f6hepunkte im Land der aufgehenden Sonne<br \/>\n29.09. \u2013 07.10.2017<\/p>\nngg_shortcode_0_placeholder\n<p>Detailprogramm\/Reiseverlauf<br \/>\n1.Tag\/29.09.\tWien- Osaka<br \/>\nNachmittags  Flug mit Emirates \u00fcber Dubai nach Japan.<\/p>\n<p>2.Tag\/30.09.\tOsaka &#8211; Kyoto<br \/>\nUm 17.10 Ankunft am Flughafen Kansai in  Osaka mit EK 316. Begr\u00fc\u00dfung durch die deutschsprechende Fremdenf\u00fchrerin Fr Keiko Ohashi, die Sie die n\u00e4chsten Tage begleiten wird. Busfahrt (ca 2 Stunden) nach Kyoto, der alten kaiserlichen Residenzstadt.  Zimmerbezug und Freizeit. Hotel Aranvert***<br \/>\n<a href=\"http:\/\/www.aranvert.co.jp\/en\" target=\"_blank\"><\/a><br \/>\nTEL\uff1a075-365-5111\u3000FAX\uff1a075-365-6800<br \/>\nE-mail\uff1ainfo@aranvert.co.jp<\/p>\n<p>3.Tag\/01.10.\tKyoto<br \/>\nHalbt\u00e4gige Stadtrundfahrt durch die geschichtlich bedeutendste Stadt Japans inklusive Besichtigung der Burg Nijo mit dem traditionellen Garten. Fahrt durch das historische Gion-Viertel  mit  traditionellen Holzh\u00e4usern, ber\u00fchmt auch durch die Geisha-Schulen.  Anschlie\u00dfend besuchen Sie die ber\u00fchmte Tempelanlage des  Goldenen Pavillons (Kinkaku-ji) im h\u00fcgeligen Nordwesten der Stadt. Bei g\u00fcnstigem Wetter spiegelt sich die fr\u00fchere goldverzierte Reliquienhalle im Teich. Nachmittags frei f\u00fcr individuelles Programm oder Besichtigungspaket: Sie besuchen zuerst den Heijan-Schrein, anschlie\u00dfend den nur aus Holz gebauten Sanjusagen-Tempel, in dem sich 1001 G\u00f6tterfiguren aus dem 13.Jahrhundert befinden. Der ebenso am Programm stehende Kiyomizu-Tempel z\u00e4hlt zum Weltkulturerbe. <\/p>\n<p>4.Tag\/02.10.\tKyoto \u2013 Takayama<br \/>\nVon der lebhaften Kaiserstadt f\u00fchrt die Reise in die Berge. Im Tal der Stadt Takayama sehen Sie mittelalterliche Kaufmannsh\u00e4user,  besuchen die Yatai Kaikan Halle und treffen beim Besuch des teilweise restaurierten Jinja-Residenzkomplexes auf urspr\u00fcngliche Shogun-Geschichte.<br \/>\nTakayama Washington Hotel***<br \/>\n<a href=\"http:\/\/washington.jp\/en\/takayama\/\" target=\"_blank\">http:\/\/washington.jp\/en\/takayama\/<\/a><br \/>\nTEL:+81-577-37-0410 FAX:+81-577-35-3755 <\/p>\n<p>5.Tag\/03.10.\tTakayama \u2013 Matsumoto<br \/>\nWeiter f\u00fchrt die Reise durch die \u201eJapanischen Alpen\u201c.  Unterwegs wird eine der typischen Wasabi-Farmen besucht. Sie sind jetzt im Zentrum der Hauptinsel Honshu und erreichen am sp\u00e4ten Nachmittag Matsumoto.  Ber\u00fchmt ist die Stadt wegen der Burg, die zum japanischen Nationalschatz  z\u00e4hlt. Sie stammt aus dem 16.Jahrhundert und ist eine der wenigen noch im Original erhaltenen Burgen des Landes. Spaziergang in der Nakamachi Strasse.<br \/>\nHotel Bueno Vista***<br \/>\n<a href=\"http:\/\/www.buena-vista.co.jp\/en\/\" target=\"_blank\">http:\/\/www.buena-vista.co.jp\/en\/<\/a><br \/>\nTEL.+81-263-37-0111<br \/>\nFAX.+81-263-37-0666<\/p>\n<p>6.Tag\/04.10.\tMatsumoto \u2013 Kawaguchi-See und  Fujiyama<br \/>\nNach der Besichtigung der Burg Fahrt zum Kawaguchi-See. Er ist der bekannteste der f\u00fcnf Seen in unmittelbarer N\u00e4he zum heiligen Fuji,  m\u00e4chtiger Vulkankegel und  h\u00f6chster Berg Japans (seit 2013 UNESCO-Welterbe). Im Fuji-Besucherzentrum erfahren Sie mehr.<br \/>\nTominoko Hotel***<br \/>\n<a href=\"http:\/\/www.tominoko.net\/english.htm\" target=\"_blank\">http:\/\/www.tominoko.net\/english.htm<\/a><br \/>\nTEL \uff1a +81-555-72-5080 \/ FAX \uff1a +81-555-72-5081<br \/>\nE-mail \uff1a info@tominoko.net<\/p>\n<p>7.Tag\/05.10.\tKawaguchi \u2013 Tokyo<br \/>\n Vormittags Busfahrt direkt nach Tokyo, der riesigen Hauptstadt mit \u00fcber 500-j\u00e4hriger Geschichte. Nachmittags Stadttour, die Sie mit H\u00f6hepunkten und Besonderheiten der Metropole bekannt macht:  Kaiserpalast (Imperial Palace Plaza oder Ostgarten), Meiji-Schrein, Harajuku Bezirk, Panoramablick vom h\u00f6chsten Rathaus in Shinjuku; Fahrt durch den ber\u00fchmten Ginza-Bezirk.<br \/>\nSunshine City Prince Hotel***<br \/>\n<a href=\"http:\/\/www.princehotels.com\/sunshine\/\" target=\"_blank\">http:\/\/www.princehotels.com\/sunshine\/<\/a><br \/>\nTel: 81-(0)3-3988-1111<\/p>\n<p>8.Tag\/06.10.\tTokyo<br \/>\nGanztags frei bzw nachmittags Besichtigungspaket: zuerst besuchen Sie den aus der historischen Edo-Periode stammenden Hama Rikyu-Garten.  Bei der anschlie\u00dfenden Bootsfahrt auf dem Sumida-Fluss sehen Sie das alte und neue Tokyo aus einer neuen Perspektive. Angekommen in Asakusa  Besichtigung des Kannon-Tempel s mit Donnertor und Nakamise-Stra\u00dfe.  Danach Fahrt durch die Bezirke Ueno und den High Tech-District von Akihabara. Transfer zum Flughafen Narita, Abflug mit EK319 um 22:00h.<br \/>\nCheck-out Zeit im Hotel: 11.00<\/p>\n<p>9.Tag\/07.10.\tTokyo \u2013 Wien<br \/>\nAnkunft fr\u00fchmorgens.<\/p>\n<p><a href=\"https:\/\/l.facebook.com\/l.php?u=https%3A%2F%2Fwww.youtube.com%2Fwatch%3Fv%3DulVRwaxwqgo&#038;h=ATPbVavMs1zzfgSZNb563H1ry78cg10nhYJ-wMyGKj3pWHm8rUHVXT4tHmnLFdTKoTy_NiN7qGlmx7UNvNaR5ivb_HmQp2qSJqsbagQ6oOPlyLdcByF1SVFECCvQqmsxvRkBLm-z2A\">Kyoto Video<\/a><\/p>\n<p><a href=\"https:\/\/www3.nhk.or.jp\/nhkworld\/en\/food\/recipe\/kyou_4223.html\" rel=\"noopener\" target=\"_blank\">Suppenrezept<\/a><\/p>\nngg_shortcode_1_placeholder\n","protected":false},"excerpt":{"rendered":"<p>Eindrucksvolles Japan H\u00f6hepunkte im Land der aufgehenden Sonne 29.09. \u2013 07.10.2017 Detailprogramm\/Reiseverlauf 1.Tag\/29.09. Wien- Osaka Nachmittags Flug mit Emirates \u00fcber Dubai nach Japan. 2.Tag\/30.09. Osaka &#8211; Kyoto Um 17.10 Ankunft am Flughafen Kansai in Osaka mit EK 316. Begr\u00fc\u00dfung durch die deutschsprechende Fremdenf\u00fchrerin Fr Keiko Ohashi, die Sie die n\u00e4chsten Tage begleiten wird. Busfahrt (ca [&hellip;]<\/p>\n","protected":false},"author":1,"featured_media":0,"parent":0,"menu_order":0,"comment_status":"closed","ping_status":"closed","template":"page-full-width.php","meta":{"ngg_post_thumbnail":0,"footnotes":""},"class_list":["post-505","page","type-page","status-publish","hentry"],"_links":{"self":[{"href":"https:\/\/www.brzezowsky.at\/wp\/wp-json\/wp\/v2\/pages\/505","targetHints":{"allow":["GET"]}}],"collection":[{"href":"https:\/\/www.brzezowsky.at\/wp\/wp-json\/wp\/v2\/pages"}],"about":[{"href":"https:\/\/www.brzezowsky.at\/wp\/wp-json\/wp\/v2\/types\/page"}],"author":[{"embeddable":true,"href":"https:\/\/www.brzezowsky.at\/wp\/wp-json\/wp\/v2\/users\/1"}],"replies":[{"embeddable":true,"href":"https:\/\/www.brzezowsky.at\/wp\/wp-json\/wp\/v2\/comments?post=505"}],"version-history":[{"count":8,"href":"https:\/\/www.brzezowsky.at\/wp\/wp-json\/wp\/v2\/pages\/505\/revisions"}],"predecessor-version":[{"id":770,"href":"https:\/\/www.brzezowsky.at\/wp\/wp-json\/wp\/v2\/pages\/505\/revisions\/770"}],"wp:attachment":[{"href":"https:\/\/www.brzezowsky.at\/wp\/wp-json\/wp\/v2\/media?parent=505"}],"curies":[{"name":"wp","href":"https:\/\/api.w.org\/{rel}","templated":true}]}}